{"id":6363,"date":"2023-11-01T07:47:14","date_gmt":"2023-11-01T07:47:14","guid":{"rendered":"https:\/\/rochabrava.com\/blog-about-what-to-do-in-the-algarve\/"},"modified":"2026-03-18T15:14:25","modified_gmt":"2026-03-18T15:14:25","slug":"algarve-aktivitaten","status":"publish","type":"page","link":"https:\/\/rochabrava.com\/de\/algarve-aktivitaten\/","title":{"rendered":"Blog"},"content":{"rendered":"\t\t<div data-elementor-type=\"wp-page\" data-elementor-id=\"6363\" class=\"elementor elementor-6363 elementor-3989\" data-elementor-post-type=\"page\">\n\t\t\t\t<div class=\"elementor-element elementor-element-57ca5b6 e-flex e-con-boxed e-con e-parent\" data-id=\"57ca5b6\" data-element_type=\"container\" data-e-type=\"container\">\n\t\t\t\t\t<div class=\"e-con-inner\">\n\t\t<div class=\"elementor-element elementor-element-e3a367a e-flex e-con-boxed e-con e-child\" data-id=\"e3a367a\" data-element_type=\"container\" data-e-type=\"container\" data-settings=\"{&quot;background_background&quot;:&quot;classic&quot;}\">\n\t\t\t\t\t<div class=\"e-con-inner\">\n\t\t\t\t<div class=\"elementor-element elementor-element-af078a3 elementor-widget elementor-widget-heading\" data-id=\"af078a3\" data-element_type=\"widget\" data-e-type=\"widget\" data-widget_type=\"heading.default\">\n\t\t\t\t<div class=\"elementor-widget-container\">\n\t\t\t\t\t<h1 class=\"elementor-heading-title elementor-size-large\">Erfahren Sie, was Sie mit Tipps von Rocha Brava an der Algarve unternehmen k\u00f6nnen<\/h1>\t\t\t\t<\/div>\n\t\t\t\t<\/div>\n\t\t\t\t<div class=\"elementor-element elementor-element-bfee8be elementor-widget-widescreen__width-initial elementor-widget elementor-widget-text-editor\" data-id=\"bfee8be\" data-element_type=\"widget\" data-e-type=\"widget\" data-widget_type=\"text-editor.default\">\n\t\t\t\t<div class=\"elementor-widget-container\">\n\t\t\t\t\t\t\t\t\t<p><span style=\"color: #374151; font-family: S\u00f6hne, ui-sans-serif, system-ui, -apple-system, 'Segoe UI', Roboto, Ubuntu, Cantarell, 'Noto Sans', sans-serif, 'Helvetica Neue', Arial, 'Apple Color Emoji', 'Segoe UI Emoji', 'Segoe UI Symbol', 'Noto Color Emoji'; text-align: start; white-space-collapse: preserve;\">Willkommen in der lebendigen und vielf\u00e4ltigen Welt der Erlebnisse an der Algarve!<\/span><\/p>\n<p><span style=\"color: #374151; font-family: S\u00f6hne, ui-sans-serif, system-ui, -apple-system, 'Segoe UI', Roboto, Ubuntu, Cantarell, 'Noto Sans', sans-serif, 'Helvetica Neue', Arial, 'Apple Color Emoji', 'Segoe UI Emoji', 'Segoe UI Symbol', 'Noto Color Emoji'; text-align: start; white-space-collapse: preserve;\">Wenn Sie sich fragen, was Sie in Carvoeiro, Algarve, unternehmen k\u00f6nnen, machen Sie sich bereit, eine Vielzahl von Aktivit\u00e4ten und Attraktionen zu entdecken, die Ihren Aufenthalt im Rocha Brava Resort bereichern werden. Von der Erkundung goldener Str\u00e4nde und versteckter Ecken im Sommer bis hin zum Genie\u00dfen reicher kultureller Traditionen und lokaler K\u00fcche im Winter bringt jede Jahreszeit ihre ganz eigenen Freuden mit sich.<\/span><\/p>\n<p><span style=\"color: #374151; font-family: S\u00f6hne, ui-sans-serif, system-ui, -apple-system, 'Segoe UI', Roboto, Ubuntu, Cantarell, 'Noto Sans', sans-serif, 'Helvetica Neue', Arial, 'Apple Color Emoji', 'Segoe UI Emoji', 'Segoe UI Symbol', 'Noto Color Emoji'; text-align: start; white-space-collapse: preserve;\">Und falls es w\u00e4hrend Ihres Aufenthalts regnet, keine Sorge \u2013 die Algarve bietet unz\u00e4hlige M\u00f6glichkeiten f\u00fcr Unternehmungen bei Regen, von faszinierenden Museen \u00fcber Kunstgalerien bis hin zu Einkaufszentren. An sonnigen Sommertagen hingegen sind die Vorschl\u00e4ge f\u00fcr Aktivit\u00e4ten in der Algarve endlos: Bootstouren, Tauchen oder Open-Air-Festivals sorgen f\u00fcr unvergessliche Erlebnisse.<\/span><\/p>\n<p><span style=\"color: #374151; font-family: S\u00f6hne, ui-sans-serif, system-ui, -apple-system, 'Segoe UI', Roboto, Ubuntu, Cantarell, 'Noto Sans', sans-serif, 'Helvetica Neue', Arial, 'Apple Color Emoji', 'Segoe UI Emoji', 'Segoe UI Symbol', 'Noto Color Emoji'; text-align: start; white-space-collapse: preserve;\">Und nat\u00fcrlich gibt es auch im Winter zahlreiche Aktivit\u00e4ten an der Algarve \u2013 die ruhigen Landschaften eignen sich perfekt f\u00fcr Naturwanderungen, Vogelbeobachtungen und das Entdecken der saisonalen K\u00f6stlichkeiten der Region. Folgen Sie unserem Blog f\u00fcr weitere Tipps und Informationen, wie Sie Ihren Aufenthalt an der Algarve zu jeder Jahreszeit optimal genie\u00dfen k\u00f6nnen!<\/span><\/p>\n<p>Machen Sie das Beste aus Ihrem Aufenthalt im Rocha Brava Village Resort, indem Sie die Tipps nutzen, die wir f\u00fcr Sie in unserem Blog zusammengestellt haben. Die Algarve erwartet Sie.<\/p>\n\t\t\t\t\t\t\t\t<\/div>\n\t\t\t\t<\/div>\n\t\t\t\t\t<\/div>\n\t\t\t\t<\/div>\n\t\t\t\t\t<\/div>\n\t\t\t\t<\/div>\n\t\t<div class=\"elementor-element elementor-element-500cc37 e-flex e-con-boxed e-con e-parent\" data-id=\"500cc37\" data-element_type=\"container\" data-e-type=\"container\">\n\t\t\t\t\t<div class=\"e-con-inner\">\n\t\t\t\t<div class=\"elementor-element elementor-element-393defd elementor-grid-laptop-2 elementor-grid-3 elementor-grid-tablet-2 elementor-grid-mobile-1 elementor-widget elementor-widget-loop-grid\" data-id=\"393defd\" data-element_type=\"widget\" data-e-type=\"widget\" data-settings=\"{&quot;template_id&quot;:6491,&quot;columns_laptop&quot;:2,&quot;pagination_type&quot;:&quot;load_more_infinite_scroll&quot;,&quot;_skin&quot;:&quot;post&quot;,&quot;columns&quot;:&quot;3&quot;,&quot;columns_tablet&quot;:&quot;2&quot;,&quot;columns_mobile&quot;:&quot;1&quot;,&quot;edit_handle_selector&quot;:&quot;[data-elementor-type=\\&quot;loop-item\\&quot;]&quot;,&quot;load_more_spinner&quot;:{&quot;value&quot;:&quot;fas fa-spinner&quot;,&quot;library&quot;:&quot;fa-solid&quot;},&quot;row_gap&quot;:{&quot;unit&quot;:&quot;px&quot;,&quot;size&quot;:&quot;&quot;,&quot;sizes&quot;:[]},&quot;row_gap_widescreen&quot;:{&quot;unit&quot;:&quot;px&quot;,&quot;size&quot;:&quot;&quot;,&quot;sizes&quot;:[]},&quot;row_gap_laptop&quot;:{&quot;unit&quot;:&quot;px&quot;,&quot;size&quot;:&quot;&quot;,&quot;sizes&quot;:[]},&quot;row_gap_tablet&quot;:{&quot;unit&quot;:&quot;px&quot;,&quot;size&quot;:&quot;&quot;,&quot;sizes&quot;:[]},&quot;row_gap_mobile&quot;:{&quot;unit&quot;:&quot;px&quot;,&quot;size&quot;:&quot;&quot;,&quot;sizes&quot;:[]}}\" data-widget_type=\"loop-grid.post\">\n\t\t\t\t<div class=\"elementor-widget-container\">\n\t\t\t\t\t\t\t<div class=\"e-loop-nothing-found-message\">\n\t\t<\/div>\n\t\t\t\t\t\t<\/div>\n\t\t\t\t<\/div>\n\t\t\t\t\t<\/div>\n\t\t\t\t<\/div>\n\t\t\t\t<\/div>\n\t\t","protected":false},"excerpt":{"rendered":"<p>Erfahren Sie, was Sie mit Tipps von Rocha Brava an der Algarve unternehmen k\u00f6nnen Willkommen in der lebendigen und vielf\u00e4ltigen Welt der Erlebnisse an der Algarve! Wenn Sie sich fragen, was Sie in Carvoeiro, Algarve, unternehmen k\u00f6nnen, machen Sie sich bereit, eine Vielzahl von Aktivit\u00e4ten und Attraktionen zu entdecken, die Ihren Aufenthalt im Rocha Brava [&hellip;]<\/p>\n","protected":false},"author":1,"featured_media":6359,"parent":0,"menu_order":0,"comment_status":"closed","ping_status":"closed","template":"","meta":{"footnotes":""},"class_list":["post-6363","page","type-page","status-publish","has-post-thumbnail","hentry"],"_links":{"self":[{"href":"https:\/\/rochabrava.com\/de\/wp-json\/wp\/v2\/pages\/6363","targetHints":{"allow":["GET"]}}],"collection":[{"href":"https:\/\/rochabrava.com\/de\/wp-json\/wp\/v2\/pages"}],"about":[{"href":"https:\/\/rochabrava.com\/de\/wp-json\/wp\/v2\/types\/page"}],"author":[{"embeddable":true,"href":"https:\/\/rochabrava.com\/de\/wp-json\/wp\/v2\/users\/1"}],"replies":[{"embeddable":true,"href":"https:\/\/rochabrava.com\/de\/wp-json\/wp\/v2\/comments?post=6363"}],"version-history":[{"count":3,"href":"https:\/\/rochabrava.com\/de\/wp-json\/wp\/v2\/pages\/6363\/revisions"}],"predecessor-version":[{"id":6514,"href":"https:\/\/rochabrava.com\/de\/wp-json\/wp\/v2\/pages\/6363\/revisions\/6514"}],"wp:featuredmedia":[{"embeddable":true,"href":"https:\/\/rochabrava.com\/de\/wp-json\/wp\/v2\/media\/6359"}],"wp:attachment":[{"href":"https:\/\/rochabrava.com\/de\/wp-json\/wp\/v2\/media?parent=6363"}],"curies":[{"name":"wp","href":"https:\/\/api.w.org\/{rel}","templated":true}]}}